{"id":553,"date":"2024-08-09T20:39:10","date_gmt":"2024-08-09T23:39:10","guid":{"rendered":"https:\/\/vetecg.com.br\/?post_type=product&#038;p=553"},"modified":"2025-12-10T20:49:36","modified_gmt":"2025-12-10T23:49:36","slug":"promocao-livro-tratado-de-eletrocardiografia-de-caes-e-gatos-livro-arritmias-cardiacas-em-caes-e-gatos","status":"publish","type":"product","link":"https:\/\/vetecg.com.br\/?product=promocao-livro-tratado-de-eletrocardiografia-de-caes-e-gatos-livro-arritmias-cardiacas-em-caes-e-gatos","title":{"rendered":"Livro Tratado de Eletrocardiografia de C\u00e3es e Gatos"},"content":{"rendered":"<p><!-- Google tag (gtag.js) event - delayed navigation helper --><\/p>\n<h3>Livro de eletrocardiograma veterin\u00e1rio mais completo da literatura brasileira:<\/h3>\n<h3><strong>&#8211; 816 p\u00e1ginas<\/strong><br \/>\n<strong>&#8211; 1.222 figuras<\/strong><br \/>\n<strong>&#8211; Colorido<\/strong><br \/>\n<strong>&#8211; Papel couch\u00ea<\/strong><br \/>\n<strong>&#8211; Capa dura<\/strong><\/h3>\n<p>&nbsp;<\/p>\n<p><span style=\"font-weight: 400;\">Livro Tratado de Eletrocardiografia de C\u00e3es e Gatos \u00e9 leitura obrigat\u00f3ria quando o assunto envolve livro de eletrocardiograma veterin\u00e1rio. Do mesmo autor de <\/span><i><span style=\"font-weight: 400;\">O eletrocardiograma na medicina veterin\u00e1ria<\/span><\/i><span style=\"font-weight: 400;\"> e <\/span><i><span style=\"font-weight: 400;\">Arritmias card\u00edacas em c\u00e3es e gatos \u2013 250 casos cl\u00ednicos comentados<\/span><\/i><span style=\"font-weight: 400;\">, este tratado foi elaborado com a constante preocupa\u00e7\u00e3o de ser extremamente did\u00e1tico e propiciar a compreens\u00e3o dos fen\u00f4menos el\u00e9tricos do cora\u00e7\u00e3o de c\u00e3es e gatos.<\/span><\/p>\n<p><span style=\"font-weight: 400;\">Este livro \u00e9 destinado a cardiologistas, arritmologistas e p\u00f3s-graduandos da \u00e1rea, a todos os m\u00e9dicos veterin\u00e1rios que se interessam pelo tema (com \u00eanfase aos anestesistas, intensivistas e plantonistas) e aos estudantes de medicina veterin\u00e1ria, pois esta \u00e9 uma obra completa, que vai desde a disserta\u00e7\u00e3o da base da eletrocardiografia at\u00e9 a abordagem de temas complexos e avan\u00e7ados.<\/span><\/p>\n<p><span style=\"font-weight: 400;\">Dentro dos seus 31 cap\u00edtulos, o leitor encontrar\u00e1 no livro Tratado de Eletrocardiografia de C\u00e3es e Gatos 1.222 figuras (entre tra\u00e7ados originais, ilustra\u00e7\u00f5es e tabelas) rigorosamente selecionadas com o objetivo de colocar o aprendizado da eletrocardiografia em destaque e posicionar o eletrocardiograma no lugar que lhe \u00e9 devido na cardiologia, pois apesar dos avan\u00e7os tecnol\u00f3gicos, este exame continua sendo o m\u00e9todo de mais f\u00e1cil e imediato acesso para o estudo diagn\u00f3stico dos dist\u00farbios card\u00edacos. O \u00faltimo cap\u00edtulo \u00e9 dedicado aos anestesistas, dado o crescimento exponencial do n\u00edvel e da import\u00e2ncia desses profissionais na medicina veterin\u00e1ria factual.\u00a0<\/span><\/p>\n<p><span style=\"font-weight: 400;\">Vale ressaltar que mesmo os cardiologistas que j\u00e1 utilizam o eletrocardiograma em sua rotina se beneficiar\u00e3o com a leitura deste tratado, pois esta \u00e9 uma obra atualizada, que inclui os conceitos b\u00e1sicos da eletrocardiografia \u2013 respons\u00e1veis, em muitos casos, por elucidar os \u201cdiagn\u00f3sticos ocultos\u201d de algumas arritmias card\u00edacas. Recomenda-se, assim, que todos os leitores dediquem aten\u00e7\u00e3o especial aos primeiros cap\u00edtulos do livro e aos conceitos neles contidos, para que possam aplic\u00e1-los com clareza e seguran\u00e7a no momento da elabora\u00e7\u00e3o de seus laudos eletrocardiogr\u00e1ficos, facilitando sobremaneira o diagn\u00f3stico.\u00a0<\/span><\/p>\n<p><span style=\"font-weight: 400;\">Aos que querem aprender, se aprofundar ou saber ainda mais sobre o tema, o Livro Tratado de Eletrocardiografia de C\u00e3es e Gatos \u00e9 uma passagem para embarcar nessa grande e encantadora viagem que \u00e9 a eletrocardiografia!<\/span><\/p>\n<p><strong><a href=\"http:\/\/vetecg.com.br\/wp-content\/uploads\/2024\/08\/Sumario-livro-Tratado-de-Eletrocardiograma-em-Caes-e-Gatos.pdf\" target=\"_blank\" rel=\"noopener\">Clique aqui e fa\u00e7a download do conte\u00fado do livro por cap\u00edtulo<\/a><\/strong><\/p>\n<p style=\"text-align: center;\">\n","protected":false},"excerpt":{"rendered":"<p><strong>R$ 840,00 no PIX, boleto ou cr\u00e9dito \u00e0 vista<\/strong><br \/>\n<strong>R$ 899,00 em at\u00e9 12x no cart\u00e3o<\/strong><\/p>\n<p>&nbsp;<\/p>\n<h2 class=\"elementor-heading-title elementor-size-default elementor-inline-editing pen\" contenteditable=\"true\" spellcheck=\"false\" data-elementor-setting-key=\"title\" data-pen-placeholder=\"Digite aqui...\" data-lt-tmp-id=\"lt-220583\" data-gramm=\"false\">Frete gr\u00e1tis para todo Brasil!\u200b<\/h2>\n","protected":false},"featured_media":410,"comment_status":"open","ping_status":"closed","template":"","meta":{"om_disable_all_campaigns":false,"_monsterinsights_skip_tracking":false,"_monsterinsights_sitenote_active":false,"_monsterinsights_sitenote_note":"","_monsterinsights_sitenote_category":0},"product_cat":[22],"product_tag":[],"yoast_head":"<!-- This site is optimized with the Yoast SEO plugin v22.6 - https:\/\/yoast.com\/wordpress\/plugins\/seo\/ -->\n<title>Livro de eletrocardiograma veterin\u00e1rio - Tratado de Eletrocardiografia<\/title>\n<meta name=\"description\" content=\"Livro de eletrocardiograma veterin\u00e1rio: adquira o &quot;Tratado de Eletrocardiografia em C\u00e3es e Gatos&quot; do autor Luiz Henrique Filippi.\" \/>\n<meta name=\"robots\" content=\"index, follow, max-snippet:-1, max-image-preview:large, max-video-preview:-1\" \/>\n<link rel=\"canonical\" href=\"https:\/\/vetecg.com.br\/?product=promocao-livro-tratado-de-eletrocardiografia-de-caes-e-gatos-livro-arritmias-cardiacas-em-caes-e-gatos\" \/>\n<meta property=\"og:locale\" content=\"pt_BR\" \/>\n<meta property=\"og:type\" content=\"article\" \/>\n<meta property=\"og:title\" content=\"Livro de eletrocardiograma veterin\u00e1rio - Tratado de Eletrocardiografia\" \/>\n<meta property=\"og:description\" content=\"Livro de eletrocardiograma veterin\u00e1rio: adquira o &quot;Tratado de Eletrocardiografia em C\u00e3es e Gatos&quot; do autor Luiz Henrique Filippi.\" \/>\n<meta property=\"og:url\" content=\"https:\/\/vetecg.com.br\/?product=promocao-livro-tratado-de-eletrocardiografia-de-caes-e-gatos-livro-arritmias-cardiacas-em-caes-e-gatos\" \/>\n<meta property=\"og:site_name\" content=\"Vet ECG - Cursos e livros de eletrocardiografia veterin\u00e1ria\" \/>\n<meta property=\"article:modified_time\" content=\"2025-12-10T23:49:36+00:00\" \/>\n<meta property=\"og:image\" content=\"http:\/\/vetecg.com.br\/wp-content\/uploads\/2024\/04\/A9R1yqx0qz_41xavs_924.png\" \/>\n\t<meta property=\"og:image:width\" content=\"630\" \/>\n\t<meta property=\"og:image:height\" content=\"896\" \/>\n\t<meta property=\"og:image:type\" content=\"image\/png\" \/>\n<meta name=\"twitter:card\" content=\"summary_large_image\" \/>\n<meta name=\"twitter:label1\" content=\"Est. tempo de leitura\" \/>\n\t<meta name=\"twitter:data1\" content=\"3 minutos\" \/>\n<script type=\"application\/ld+json\" class=\"yoast-schema-graph\">{\"@context\":\"https:\/\/schema.org\",\"@graph\":[{\"@type\":\"WebPage\",\"@id\":\"https:\/\/vetecg.com.br\/?product=promocao-livro-tratado-de-eletrocardiografia-de-caes-e-gatos-livro-arritmias-cardiacas-em-caes-e-gatos\",\"url\":\"https:\/\/vetecg.com.br\/?product=promocao-livro-tratado-de-eletrocardiografia-de-caes-e-gatos-livro-arritmias-cardiacas-em-caes-e-gatos\",\"name\":\"Livro de eletrocardiograma veterin\u00e1rio - Tratado de Eletrocardiografia\",\"isPartOf\":{\"@id\":\"https:\/\/vetecg.com.br\/#website\"},\"primaryImageOfPage\":{\"@id\":\"https:\/\/vetecg.com.br\/?product=promocao-livro-tratado-de-eletrocardiografia-de-caes-e-gatos-livro-arritmias-cardiacas-em-caes-e-gatos#primaryimage\"},\"image\":{\"@id\":\"https:\/\/vetecg.com.br\/?product=promocao-livro-tratado-de-eletrocardiografia-de-caes-e-gatos-livro-arritmias-cardiacas-em-caes-e-gatos#primaryimage\"},\"thumbnailUrl\":\"https:\/\/vetecg.com.br\/wp-content\/uploads\/2024\/04\/A9R1yqx0qz_41xavs_924.png\",\"datePublished\":\"2024-08-09T23:39:10+00:00\",\"dateModified\":\"2025-12-10T23:49:36+00:00\",\"description\":\"Livro de eletrocardiograma veterin\u00e1rio: adquira o \\\"Tratado de Eletrocardiografia em C\u00e3es e Gatos\\\" do autor Luiz Henrique Filippi.\",\"breadcrumb\":{\"@id\":\"https:\/\/vetecg.com.br\/?product=promocao-livro-tratado-de-eletrocardiografia-de-caes-e-gatos-livro-arritmias-cardiacas-em-caes-e-gatos#breadcrumb\"},\"inLanguage\":\"pt-BR\",\"potentialAction\":[{\"@type\":\"ReadAction\",\"target\":[\"https:\/\/vetecg.com.br\/?product=promocao-livro-tratado-de-eletrocardiografia-de-caes-e-gatos-livro-arritmias-cardiacas-em-caes-e-gatos\"]}]},{\"@type\":\"ImageObject\",\"inLanguage\":\"pt-BR\",\"@id\":\"https:\/\/vetecg.com.br\/?product=promocao-livro-tratado-de-eletrocardiografia-de-caes-e-gatos-livro-arritmias-cardiacas-em-caes-e-gatos#primaryimage\",\"url\":\"https:\/\/vetecg.com.br\/wp-content\/uploads\/2024\/04\/A9R1yqx0qz_41xavs_924.png\",\"contentUrl\":\"https:\/\/vetecg.com.br\/wp-content\/uploads\/2024\/04\/A9R1yqx0qz_41xavs_924.png\",\"width\":630,\"height\":896,\"caption\":\"Livro Tratado de Eletrocardiografia de C\u00e3es e Gatos\"},{\"@type\":\"BreadcrumbList\",\"@id\":\"https:\/\/vetecg.com.br\/?product=promocao-livro-tratado-de-eletrocardiografia-de-caes-e-gatos-livro-arritmias-cardiacas-em-caes-e-gatos#breadcrumb\",\"itemListElement\":[{\"@type\":\"ListItem\",\"position\":1,\"name\":\"In\u00edcio\",\"item\":\"https:\/\/vetecg.com.br\/\"},{\"@type\":\"ListItem\",\"position\":2,\"name\":\"Shop\",\"item\":\"https:\/\/vetecg.com.br\/?page_id=5\"},{\"@type\":\"ListItem\",\"position\":3,\"name\":\"Livro Tratado de Eletrocardiografia de C\u00e3es e Gatos\"}]},{\"@type\":\"WebSite\",\"@id\":\"https:\/\/vetecg.com.br\/#website\",\"url\":\"https:\/\/vetecg.com.br\/\",\"name\":\"Vet ECG - Cursos e livros de eletrocardiografia veterin\u00e1ria\",\"description\":\"\",\"publisher\":{\"@id\":\"https:\/\/vetecg.com.br\/#organization\"},\"potentialAction\":[{\"@type\":\"SearchAction\",\"target\":{\"@type\":\"EntryPoint\",\"urlTemplate\":\"https:\/\/vetecg.com.br\/?s={search_term_string}\"},\"query-input\":\"required name=search_term_string\"}],\"inLanguage\":\"pt-BR\"},{\"@type\":\"Organization\",\"@id\":\"https:\/\/vetecg.com.br\/#organization\",\"name\":\"Vet ECG - Cursos e livros de eletrocardiografia veterin\u00e1ria\",\"url\":\"https:\/\/vetecg.com.br\/\",\"logo\":{\"@type\":\"ImageObject\",\"inLanguage\":\"pt-BR\",\"@id\":\"https:\/\/vetecg.com.br\/#\/schema\/logo\/image\/\",\"url\":\"https:\/\/vetecg.com.br\/wp-content\/uploads\/2023\/10\/logo_vetecg-removebg-preview.png\",\"contentUrl\":\"https:\/\/vetecg.com.br\/wp-content\/uploads\/2023\/10\/logo_vetecg-removebg-preview.png\",\"width\":773,\"height\":208,\"caption\":\"Vet ECG - Cursos e livros de eletrocardiografia veterin\u00e1ria\"},\"image\":{\"@id\":\"https:\/\/vetecg.com.br\/#\/schema\/logo\/image\/\"}}]}<\/script>\n<!-- \/ Yoast SEO plugin. -->","yoast_head_json":{"title":"Livro de eletrocardiograma veterin\u00e1rio - Tratado de Eletrocardiografia","description":"Livro de eletrocardiograma veterin\u00e1rio: adquira o \"Tratado de Eletrocardiografia em C\u00e3es e Gatos\" do autor Luiz Henrique Filippi.","robots":{"index":"index","follow":"follow","max-snippet":"max-snippet:-1","max-image-preview":"max-image-preview:large","max-video-preview":"max-video-preview:-1"},"canonical":"https:\/\/vetecg.com.br\/?product=promocao-livro-tratado-de-eletrocardiografia-de-caes-e-gatos-livro-arritmias-cardiacas-em-caes-e-gatos","og_locale":"pt_BR","og_type":"article","og_title":"Livro de eletrocardiograma veterin\u00e1rio - Tratado de Eletrocardiografia","og_description":"Livro de eletrocardiograma veterin\u00e1rio: adquira o \"Tratado de Eletrocardiografia em C\u00e3es e Gatos\" do autor Luiz Henrique Filippi.","og_url":"https:\/\/vetecg.com.br\/?product=promocao-livro-tratado-de-eletrocardiografia-de-caes-e-gatos-livro-arritmias-cardiacas-em-caes-e-gatos","og_site_name":"Vet ECG - Cursos e livros de eletrocardiografia veterin\u00e1ria","article_modified_time":"2025-12-10T23:49:36+00:00","og_image":[{"width":630,"height":896,"url":"http:\/\/vetecg.com.br\/wp-content\/uploads\/2024\/04\/A9R1yqx0qz_41xavs_924.png","type":"image\/png"}],"twitter_card":"summary_large_image","twitter_misc":{"Est. tempo de leitura":"3 minutos"},"schema":{"@context":"https:\/\/schema.org","@graph":[{"@type":"WebPage","@id":"https:\/\/vetecg.com.br\/?product=promocao-livro-tratado-de-eletrocardiografia-de-caes-e-gatos-livro-arritmias-cardiacas-em-caes-e-gatos","url":"https:\/\/vetecg.com.br\/?product=promocao-livro-tratado-de-eletrocardiografia-de-caes-e-gatos-livro-arritmias-cardiacas-em-caes-e-gatos","name":"Livro de eletrocardiograma veterin\u00e1rio - Tratado de Eletrocardiografia","isPartOf":{"@id":"https:\/\/vetecg.com.br\/#website"},"primaryImageOfPage":{"@id":"https:\/\/vetecg.com.br\/?product=promocao-livro-tratado-de-eletrocardiografia-de-caes-e-gatos-livro-arritmias-cardiacas-em-caes-e-gatos#primaryimage"},"image":{"@id":"https:\/\/vetecg.com.br\/?product=promocao-livro-tratado-de-eletrocardiografia-de-caes-e-gatos-livro-arritmias-cardiacas-em-caes-e-gatos#primaryimage"},"thumbnailUrl":"https:\/\/vetecg.com.br\/wp-content\/uploads\/2024\/04\/A9R1yqx0qz_41xavs_924.png","datePublished":"2024-08-09T23:39:10+00:00","dateModified":"2025-12-10T23:49:36+00:00","description":"Livro de eletrocardiograma veterin\u00e1rio: adquira o \"Tratado de Eletrocardiografia em C\u00e3es e Gatos\" do autor Luiz Henrique Filippi.","breadcrumb":{"@id":"https:\/\/vetecg.com.br\/?product=promocao-livro-tratado-de-eletrocardiografia-de-caes-e-gatos-livro-arritmias-cardiacas-em-caes-e-gatos#breadcrumb"},"inLanguage":"pt-BR","potentialAction":[{"@type":"ReadAction","target":["https:\/\/vetecg.com.br\/?product=promocao-livro-tratado-de-eletrocardiografia-de-caes-e-gatos-livro-arritmias-cardiacas-em-caes-e-gatos"]}]},{"@type":"ImageObject","inLanguage":"pt-BR","@id":"https:\/\/vetecg.com.br\/?product=promocao-livro-tratado-de-eletrocardiografia-de-caes-e-gatos-livro-arritmias-cardiacas-em-caes-e-gatos#primaryimage","url":"https:\/\/vetecg.com.br\/wp-content\/uploads\/2024\/04\/A9R1yqx0qz_41xavs_924.png","contentUrl":"https:\/\/vetecg.com.br\/wp-content\/uploads\/2024\/04\/A9R1yqx0qz_41xavs_924.png","width":630,"height":896,"caption":"Livro Tratado de Eletrocardiografia de C\u00e3es e Gatos"},{"@type":"BreadcrumbList","@id":"https:\/\/vetecg.com.br\/?product=promocao-livro-tratado-de-eletrocardiografia-de-caes-e-gatos-livro-arritmias-cardiacas-em-caes-e-gatos#breadcrumb","itemListElement":[{"@type":"ListItem","position":1,"name":"In\u00edcio","item":"https:\/\/vetecg.com.br\/"},{"@type":"ListItem","position":2,"name":"Shop","item":"https:\/\/vetecg.com.br\/?page_id=5"},{"@type":"ListItem","position":3,"name":"Livro Tratado de Eletrocardiografia de C\u00e3es e Gatos"}]},{"@type":"WebSite","@id":"https:\/\/vetecg.com.br\/#website","url":"https:\/\/vetecg.com.br\/","name":"Vet ECG - Cursos e livros de eletrocardiografia veterin\u00e1ria","description":"","publisher":{"@id":"https:\/\/vetecg.com.br\/#organization"},"potentialAction":[{"@type":"SearchAction","target":{"@type":"EntryPoint","urlTemplate":"https:\/\/vetecg.com.br\/?s={search_term_string}"},"query-input":"required name=search_term_string"}],"inLanguage":"pt-BR"},{"@type":"Organization","@id":"https:\/\/vetecg.com.br\/#organization","name":"Vet ECG - Cursos e livros de eletrocardiografia veterin\u00e1ria","url":"https:\/\/vetecg.com.br\/","logo":{"@type":"ImageObject","inLanguage":"pt-BR","@id":"https:\/\/vetecg.com.br\/#\/schema\/logo\/image\/","url":"https:\/\/vetecg.com.br\/wp-content\/uploads\/2023\/10\/logo_vetecg-removebg-preview.png","contentUrl":"https:\/\/vetecg.com.br\/wp-content\/uploads\/2023\/10\/logo_vetecg-removebg-preview.png","width":773,"height":208,"caption":"Vet ECG - Cursos e livros de eletrocardiografia veterin\u00e1ria"},"image":{"@id":"https:\/\/vetecg.com.br\/#\/schema\/logo\/image\/"}}]}},"_links":{"self":[{"href":"https:\/\/vetecg.com.br\/index.php?rest_route=\/wp\/v2\/product\/553"}],"collection":[{"href":"https:\/\/vetecg.com.br\/index.php?rest_route=\/wp\/v2\/product"}],"about":[{"href":"https:\/\/vetecg.com.br\/index.php?rest_route=\/wp\/v2\/types\/product"}],"replies":[{"embeddable":true,"href":"https:\/\/vetecg.com.br\/index.php?rest_route=%2Fwp%2Fv2%2Fcomments&post=553"}],"wp:featuredmedia":[{"embeddable":true,"href":"https:\/\/vetecg.com.br\/index.php?rest_route=\/wp\/v2\/media\/410"}],"wp:attachment":[{"href":"https:\/\/vetecg.com.br\/index.php?rest_route=%2Fwp%2Fv2%2Fmedia&parent=553"}],"wp:term":[{"taxonomy":"product_cat","embeddable":true,"href":"https:\/\/vetecg.com.br\/index.php?rest_route=%2Fwp%2Fv2%2Fproduct_cat&post=553"},{"taxonomy":"product_tag","embeddable":true,"href":"https:\/\/vetecg.com.br\/index.php?rest_route=%2Fwp%2Fv2%2Fproduct_tag&post=553"}],"curies":[{"name":"wp","href":"https:\/\/api.w.org\/{rel}","templated":true}]}}