{"id":198,"date":"2023-10-26T08:18:08","date_gmt":"2023-10-26T11:18:08","guid":{"rendered":"http:\/\/vetecg.com.br\/?post_type=product&#038;p=198"},"modified":"2025-12-10T20:49:51","modified_gmt":"2025-12-10T23:49:51","slug":"livro-arritmias-cardiacas-em-caes-e-gatos","status":"publish","type":"product","link":"https:\/\/vetecg.com.br\/?product=livro-arritmias-cardiacas-em-caes-e-gatos","title":{"rendered":"Livro Arritmias Card\u00edacas em C\u00e3es e Gatos"},"content":{"rendered":"<p><span style=\"font-weight: 400;\">Do mesmo autor de &#8220;O eletrocardiograma na medicina veterin\u00e1ria&#8221;, esta obra apresenta as arritmias card\u00edacas sob a forma de casos cl\u00ednicos ilustrados e comentados para que o cl\u00ednico, o anestesista, o intervencionista ou o cardiologista possam<\/span> <span style=\"font-weight: 400;\">ser auxiliados a<\/span> <span style=\"font-weight: 400;\">diagnostic\u00e1-las e at\u00e9 a treinar a sua habilidade de analisar os tra\u00e7ados que surgem no cotidiano,\u00a0 mesmo porque na pr\u00e1tica, as <\/span><span style=\"font-weight: 400;\">arritmias podem vir em associa\u00e7\u00f5es ou muitas vezes estar acompanhadas de outros achados que sugerem doen\u00e7as card\u00edacas (como as sobrecargas de c\u00e2maras) ou extra-card\u00edacas (como as pneumopatias, por exemplo).\u00a0<\/span><\/p>\n<p><span style=\"font-weight: 400;\">De texto sint\u00e9tico e did\u00e1tico, s\u00e3o z e acompanhados de um breve hist\u00f3rico do paciente, inclusive com informa\u00e7\u00f5es de exame cl\u00ednico e exames subsidi\u00e1rios, quando houverem. J\u00e1 na p\u00e1gina seguinte dos casos apresentados, h\u00e1 os coment\u00e1rios pertinentes aos achados em cada tra\u00e7ado. Esse formato &#8220;pergunta e reposta&#8221; tem o intuito de fazer o leitor ao mesmo tempo, aprender, praticar e raciocinar, este exame rico de informa\u00e7\u00f5es, que \u00e9 o eletrocardiograma.\u00a0<\/span><\/p>\n<p><span style=\"font-weight: 400;\">A diagrama\u00e7\u00e3o agrad\u00e1vel e a f\u00e1cil consulta, \u00e9 facilitada pela utiliza\u00e7\u00e3o de marca\u00e7\u00f5es nas figuras (setas, asteriscos, traves, entre outras), com a finalidade de chamar a aten\u00e7\u00e3o do leitor sobre os pontos importantes de cada tra\u00e7ado, destacando assim os achados eletrocardiogr\u00e1ficos encontrados.\u00a0<\/span><\/p>\n","protected":false},"excerpt":{"rendered":"<h3>Apresenta\u00e7\u00e3o e an\u00e1lise das arritmias card\u00edacas sob a forma de 250 casos cl\u00ednicos ilustrados e comentados.<\/h3>\n<h3>Frete gr\u00e1tis para todo Brasil!\u200b<\/h3>\n<h3><a href=\"http:\/\/vetecg.com.br\/wp-content\/uploads\/2023\/10\/Amostragem-do-livro-com-10-casos-clinicos.pdf\">Clique aqui e fa\u00e7a o download gratuito de dez casos comentados<\/a><\/h3>\n<p>&nbsp;<\/p>\n","protected":false},"featured_media":192,"comment_status":"open","ping_status":"closed","template":"","meta":{"om_disable_all_campaigns":false,"_monsterinsights_skip_tracking":false,"_monsterinsights_sitenote_active":false,"_monsterinsights_sitenote_note":"","_monsterinsights_sitenote_category":0},"product_cat":[22],"product_tag":[],"yoast_head":"<!-- This site is optimized with the Yoast SEO plugin v22.6 - https:\/\/yoast.com\/wordpress\/plugins\/seo\/ -->\n<title>Livro Arritmias Card\u00edacas em C\u00e3es e Gatos<\/title>\n<meta name=\"robots\" content=\"index, follow, max-snippet:-1, max-image-preview:large, max-video-preview:-1\" \/>\n<link rel=\"canonical\" href=\"https:\/\/vetecg.com.br\/?product=livro-arritmias-cardiacas-em-caes-e-gatos\" \/>\n<meta property=\"og:locale\" content=\"pt_BR\" \/>\n<meta property=\"og:type\" content=\"article\" \/>\n<meta property=\"og:title\" content=\"Livro Arritmias Card\u00edacas em C\u00e3es e Gatos\" \/>\n<meta property=\"og:description\" content=\"Apresenta\u00e7\u00e3o e an\u00e1lise das arritmias card\u00edacas sob a forma de 250 casos cl\u00ednicos ilustrados e comentados. Frete gr\u00e1tis para todo Brasil!\u200b Clique aqui e fa\u00e7a o download gratuito de dez casos comentados &nbsp;\" \/>\n<meta property=\"og:url\" content=\"https:\/\/vetecg.com.br\/?product=livro-arritmias-cardiacas-em-caes-e-gatos\" \/>\n<meta property=\"og:site_name\" content=\"Vet ECG - Cursos e livros de eletrocardiografia veterin\u00e1ria\" \/>\n<meta property=\"article:modified_time\" content=\"2025-12-10T23:49:51+00:00\" \/>\n<meta property=\"og:image\" content=\"http:\/\/vetecg.com.br\/wp-content\/uploads\/2023\/10\/Capa-livro-arritmias-corrigida.png\" \/>\n\t<meta property=\"og:image:width\" content=\"600\" \/>\n\t<meta property=\"og:image:height\" content=\"472\" \/>\n\t<meta property=\"og:image:type\" content=\"image\/png\" \/>\n<meta name=\"twitter:card\" content=\"summary_large_image\" \/>\n<meta name=\"twitter:label1\" content=\"Est. tempo de leitura\" \/>\n\t<meta name=\"twitter:data1\" content=\"2 minutos\" \/>\n<script type=\"application\/ld+json\" class=\"yoast-schema-graph\">{\"@context\":\"https:\/\/schema.org\",\"@graph\":[{\"@type\":\"WebPage\",\"@id\":\"https:\/\/vetecg.com.br\/?product=livro-arritmias-cardiacas-em-caes-e-gatos\",\"url\":\"https:\/\/vetecg.com.br\/?product=livro-arritmias-cardiacas-em-caes-e-gatos\",\"name\":\"Livro Arritmias Card\u00edacas em C\u00e3es e Gatos\",\"isPartOf\":{\"@id\":\"https:\/\/vetecg.com.br\/#website\"},\"primaryImageOfPage\":{\"@id\":\"https:\/\/vetecg.com.br\/?product=livro-arritmias-cardiacas-em-caes-e-gatos#primaryimage\"},\"image\":{\"@id\":\"https:\/\/vetecg.com.br\/?product=livro-arritmias-cardiacas-em-caes-e-gatos#primaryimage\"},\"thumbnailUrl\":\"https:\/\/vetecg.com.br\/wp-content\/uploads\/2023\/10\/Capa-livro-arritmias-corrigida.png\",\"datePublished\":\"2023-10-26T11:18:08+00:00\",\"dateModified\":\"2025-12-10T23:49:51+00:00\",\"breadcrumb\":{\"@id\":\"https:\/\/vetecg.com.br\/?product=livro-arritmias-cardiacas-em-caes-e-gatos#breadcrumb\"},\"inLanguage\":\"pt-BR\",\"potentialAction\":[{\"@type\":\"ReadAction\",\"target\":[\"https:\/\/vetecg.com.br\/?product=livro-arritmias-cardiacas-em-caes-e-gatos\"]}]},{\"@type\":\"ImageObject\",\"inLanguage\":\"pt-BR\",\"@id\":\"https:\/\/vetecg.com.br\/?product=livro-arritmias-cardiacas-em-caes-e-gatos#primaryimage\",\"url\":\"https:\/\/vetecg.com.br\/wp-content\/uploads\/2023\/10\/Capa-livro-arritmias-corrigida.png\",\"contentUrl\":\"https:\/\/vetecg.com.br\/wp-content\/uploads\/2023\/10\/Capa-livro-arritmias-corrigida.png\",\"width\":600,\"height\":472,\"caption\":\"Livro Arritmias Card\u00edacas em C\u00e3es e Gatos\"},{\"@type\":\"BreadcrumbList\",\"@id\":\"https:\/\/vetecg.com.br\/?product=livro-arritmias-cardiacas-em-caes-e-gatos#breadcrumb\",\"itemListElement\":[{\"@type\":\"ListItem\",\"position\":1,\"name\":\"In\u00edcio\",\"item\":\"https:\/\/vetecg.com.br\/\"},{\"@type\":\"ListItem\",\"position\":2,\"name\":\"Shop\",\"item\":\"https:\/\/vetecg.com.br\/?page_id=5\"},{\"@type\":\"ListItem\",\"position\":3,\"name\":\"Livro Arritmias Card\u00edacas em C\u00e3es e Gatos\"}]},{\"@type\":\"WebSite\",\"@id\":\"https:\/\/vetecg.com.br\/#website\",\"url\":\"https:\/\/vetecg.com.br\/\",\"name\":\"Vet ECG - Cursos e livros de eletrocardiografia veterin\u00e1ria\",\"description\":\"\",\"publisher\":{\"@id\":\"https:\/\/vetecg.com.br\/#organization\"},\"potentialAction\":[{\"@type\":\"SearchAction\",\"target\":{\"@type\":\"EntryPoint\",\"urlTemplate\":\"https:\/\/vetecg.com.br\/?s={search_term_string}\"},\"query-input\":\"required name=search_term_string\"}],\"inLanguage\":\"pt-BR\"},{\"@type\":\"Organization\",\"@id\":\"https:\/\/vetecg.com.br\/#organization\",\"name\":\"Vet ECG - Cursos e livros de eletrocardiografia veterin\u00e1ria\",\"url\":\"https:\/\/vetecg.com.br\/\",\"logo\":{\"@type\":\"ImageObject\",\"inLanguage\":\"pt-BR\",\"@id\":\"https:\/\/vetecg.com.br\/#\/schema\/logo\/image\/\",\"url\":\"https:\/\/vetecg.com.br\/wp-content\/uploads\/2023\/10\/logo_vetecg-removebg-preview.png\",\"contentUrl\":\"https:\/\/vetecg.com.br\/wp-content\/uploads\/2023\/10\/logo_vetecg-removebg-preview.png\",\"width\":773,\"height\":208,\"caption\":\"Vet ECG - Cursos e livros de eletrocardiografia veterin\u00e1ria\"},\"image\":{\"@id\":\"https:\/\/vetecg.com.br\/#\/schema\/logo\/image\/\"}}]}<\/script>\n<!-- \/ Yoast SEO plugin. -->","yoast_head_json":{"title":"Livro Arritmias Card\u00edacas em C\u00e3es e Gatos","robots":{"index":"index","follow":"follow","max-snippet":"max-snippet:-1","max-image-preview":"max-image-preview:large","max-video-preview":"max-video-preview:-1"},"canonical":"https:\/\/vetecg.com.br\/?product=livro-arritmias-cardiacas-em-caes-e-gatos","og_locale":"pt_BR","og_type":"article","og_title":"Livro Arritmias Card\u00edacas em C\u00e3es e Gatos","og_description":"Apresenta\u00e7\u00e3o e an\u00e1lise das arritmias card\u00edacas sob a forma de 250 casos cl\u00ednicos ilustrados e comentados. Frete gr\u00e1tis para todo Brasil!\u200b Clique aqui e fa\u00e7a o download gratuito de dez casos comentados &nbsp;","og_url":"https:\/\/vetecg.com.br\/?product=livro-arritmias-cardiacas-em-caes-e-gatos","og_site_name":"Vet ECG - Cursos e livros de eletrocardiografia veterin\u00e1ria","article_modified_time":"2025-12-10T23:49:51+00:00","og_image":[{"width":600,"height":472,"url":"http:\/\/vetecg.com.br\/wp-content\/uploads\/2023\/10\/Capa-livro-arritmias-corrigida.png","type":"image\/png"}],"twitter_card":"summary_large_image","twitter_misc":{"Est. tempo de leitura":"2 minutos"},"schema":{"@context":"https:\/\/schema.org","@graph":[{"@type":"WebPage","@id":"https:\/\/vetecg.com.br\/?product=livro-arritmias-cardiacas-em-caes-e-gatos","url":"https:\/\/vetecg.com.br\/?product=livro-arritmias-cardiacas-em-caes-e-gatos","name":"Livro Arritmias Card\u00edacas em C\u00e3es e Gatos","isPartOf":{"@id":"https:\/\/vetecg.com.br\/#website"},"primaryImageOfPage":{"@id":"https:\/\/vetecg.com.br\/?product=livro-arritmias-cardiacas-em-caes-e-gatos#primaryimage"},"image":{"@id":"https:\/\/vetecg.com.br\/?product=livro-arritmias-cardiacas-em-caes-e-gatos#primaryimage"},"thumbnailUrl":"https:\/\/vetecg.com.br\/wp-content\/uploads\/2023\/10\/Capa-livro-arritmias-corrigida.png","datePublished":"2023-10-26T11:18:08+00:00","dateModified":"2025-12-10T23:49:51+00:00","breadcrumb":{"@id":"https:\/\/vetecg.com.br\/?product=livro-arritmias-cardiacas-em-caes-e-gatos#breadcrumb"},"inLanguage":"pt-BR","potentialAction":[{"@type":"ReadAction","target":["https:\/\/vetecg.com.br\/?product=livro-arritmias-cardiacas-em-caes-e-gatos"]}]},{"@type":"ImageObject","inLanguage":"pt-BR","@id":"https:\/\/vetecg.com.br\/?product=livro-arritmias-cardiacas-em-caes-e-gatos#primaryimage","url":"https:\/\/vetecg.com.br\/wp-content\/uploads\/2023\/10\/Capa-livro-arritmias-corrigida.png","contentUrl":"https:\/\/vetecg.com.br\/wp-content\/uploads\/2023\/10\/Capa-livro-arritmias-corrigida.png","width":600,"height":472,"caption":"Livro Arritmias Card\u00edacas em C\u00e3es e Gatos"},{"@type":"BreadcrumbList","@id":"https:\/\/vetecg.com.br\/?product=livro-arritmias-cardiacas-em-caes-e-gatos#breadcrumb","itemListElement":[{"@type":"ListItem","position":1,"name":"In\u00edcio","item":"https:\/\/vetecg.com.br\/"},{"@type":"ListItem","position":2,"name":"Shop","item":"https:\/\/vetecg.com.br\/?page_id=5"},{"@type":"ListItem","position":3,"name":"Livro Arritmias Card\u00edacas em C\u00e3es e Gatos"}]},{"@type":"WebSite","@id":"https:\/\/vetecg.com.br\/#website","url":"https:\/\/vetecg.com.br\/","name":"Vet ECG - Cursos e livros de eletrocardiografia veterin\u00e1ria","description":"","publisher":{"@id":"https:\/\/vetecg.com.br\/#organization"},"potentialAction":[{"@type":"SearchAction","target":{"@type":"EntryPoint","urlTemplate":"https:\/\/vetecg.com.br\/?s={search_term_string}"},"query-input":"required name=search_term_string"}],"inLanguage":"pt-BR"},{"@type":"Organization","@id":"https:\/\/vetecg.com.br\/#organization","name":"Vet ECG - Cursos e livros de eletrocardiografia veterin\u00e1ria","url":"https:\/\/vetecg.com.br\/","logo":{"@type":"ImageObject","inLanguage":"pt-BR","@id":"https:\/\/vetecg.com.br\/#\/schema\/logo\/image\/","url":"https:\/\/vetecg.com.br\/wp-content\/uploads\/2023\/10\/logo_vetecg-removebg-preview.png","contentUrl":"https:\/\/vetecg.com.br\/wp-content\/uploads\/2023\/10\/logo_vetecg-removebg-preview.png","width":773,"height":208,"caption":"Vet ECG - Cursos e livros de eletrocardiografia veterin\u00e1ria"},"image":{"@id":"https:\/\/vetecg.com.br\/#\/schema\/logo\/image\/"}}]}},"_links":{"self":[{"href":"https:\/\/vetecg.com.br\/index.php?rest_route=\/wp\/v2\/product\/198"}],"collection":[{"href":"https:\/\/vetecg.com.br\/index.php?rest_route=\/wp\/v2\/product"}],"about":[{"href":"https:\/\/vetecg.com.br\/index.php?rest_route=\/wp\/v2\/types\/product"}],"replies":[{"embeddable":true,"href":"https:\/\/vetecg.com.br\/index.php?rest_route=%2Fwp%2Fv2%2Fcomments&post=198"}],"wp:featuredmedia":[{"embeddable":true,"href":"https:\/\/vetecg.com.br\/index.php?rest_route=\/wp\/v2\/media\/192"}],"wp:attachment":[{"href":"https:\/\/vetecg.com.br\/index.php?rest_route=%2Fwp%2Fv2%2Fmedia&parent=198"}],"wp:term":[{"taxonomy":"product_cat","embeddable":true,"href":"https:\/\/vetecg.com.br\/index.php?rest_route=%2Fwp%2Fv2%2Fproduct_cat&post=198"},{"taxonomy":"product_tag","embeddable":true,"href":"https:\/\/vetecg.com.br\/index.php?rest_route=%2Fwp%2Fv2%2Fproduct_tag&post=198"}],"curies":[{"name":"wp","href":"https:\/\/api.w.org\/{rel}","templated":true}]}}